{"id":1481,"date":"2020-12-20T13:45:33","date_gmt":"2020-12-20T10:45:33","guid":{"rendered":"https:\/\/atilimcambalkonpvc.com\/%d0%be-%d0%bd%d0%b0%d1%81\/"},"modified":"2022-07-15T23:18:07","modified_gmt":"2022-07-15T20:18:07","slug":"%d0%be-%d0%bd%d0%b0%d1%81","status":"publish","type":"page","link":"https:\/\/atilimcambalkonpvc.com\/ru\/%d0%be-%d0%bd%d0%b0%d1%81\/","title":{"rendered":"\u043e \u043d\u0430\u0441"},"content":{"rendered":"\t\t<div data-elementor-type=\"wp-page\" data-elementor-id=\"1481\" class=\"elementor elementor-1481\" data-elementor-post-type=\"page\">\n\t\t\t\t\t\t<section class=\"elementor-section elementor-top-section elementor-element elementor-element-35ac3586 elementor-section-boxed elementor-section-height-default elementor-section-height-default\" data-id=\"35ac3586\" data-element_type=\"section\" data-settings=\"{&quot;background_background&quot;:&quot;classic&quot;}\">\n\t\t\t\t\t\t\t<div class=\"elementor-background-overlay\"><\/div>\n\t\t\t\t\t\t\t<div class=\"elementor-container elementor-column-gap-default\">\n\t\t\t\t\t<div class=\"elementor-column elementor-col-100 elementor-top-column elementor-element elementor-element-18d78170\" data-id=\"18d78170\" data-element_type=\"column\">\n\t\t\t<div class=\"elementor-widget-wrap elementor-element-populated\">\n\t\t\t\t\t\t<div class=\"elementor-element elementor-element-085c00b elementor-headline--style-highlight elementor-widget elementor-widget-animated-headline\" data-id=\"085c00b\" data-element_type=\"widget\" data-settings=\"{&quot;marker&quot;:&quot;underline&quot;,&quot;highlighted_text&quot;:&quot;\\u043e \\u043d\\u0430\\u0441&quot;,&quot;headline_style&quot;:&quot;highlight&quot;,&quot;loop&quot;:&quot;yes&quot;,&quot;highlight_animation_duration&quot;:1200,&quot;highlight_iteration_delay&quot;:8000}\" data-widget_type=\"animated-headline.default\">\n\t\t\t\t<div class=\"elementor-widget-container\">\n\t\t\t\t\t\t\t<h3 class=\"elementor-headline\">\n\t\t\t\t<span class=\"elementor-headline-dynamic-wrapper elementor-headline-text-wrapper\">\n\t\t\t\t\t<span class=\"elementor-headline-dynamic-text elementor-headline-text-active\">\u043e \u043d\u0430\u0441<\/span>\n\t\t\t\t<\/span>\n\t\t\t\t<\/h3>\n\t\t\t\t\t\t<\/div>\n\t\t\t\t<\/div>\n\t\t\t\t\t<\/div>\n\t\t<\/div>\n\t\t\t\t\t<\/div>\n\t\t<\/section>\n\t\t\t\t<section class=\"elementor-section elementor-top-section elementor-element elementor-element-1fcd76d5 elementor-section-boxed elementor-section-height-default elementor-section-height-default\" data-id=\"1fcd76d5\" data-element_type=\"section\">\n\t\t\t\t\t\t<div class=\"elementor-container elementor-column-gap-default\">\n\t\t\t\t\t<div class=\"elementor-column elementor-col-50 elementor-top-column elementor-element elementor-element-1d9a039f\" data-id=\"1d9a039f\" data-element_type=\"column\">\n\t\t\t<div class=\"elementor-widget-wrap elementor-element-populated\">\n\t\t\t\t\t\t<section class=\"elementor-section elementor-inner-section elementor-element elementor-element-a789c9b elementor-section-boxed elementor-section-height-default elementor-section-height-default\" data-id=\"a789c9b\" data-element_type=\"section\">\n\t\t\t\t\t\t<div class=\"elementor-container elementor-column-gap-default\">\n\t\t\t\t\t<div class=\"elementor-column elementor-col-100 elementor-inner-column elementor-element elementor-element-4071709e\" data-id=\"4071709e\" data-element_type=\"column\">\n\t\t\t<div class=\"elementor-widget-wrap elementor-element-populated\">\n\t\t\t\t\t\t<div class=\"elementor-element elementor-element-e4d151f elementor-widget elementor-widget-image\" data-id=\"e4d151f\" data-element_type=\"widget\" data-widget_type=\"image.default\">\n\t\t\t\t<div class=\"elementor-widget-container\">\n\t\t\t\t\t\t\t\t\t\t\t\t\t\t\t<img fetchpriority=\"high\" decoding=\"async\" width=\"301\" height=\"302\" src=\"https:\/\/atilimcambalkonpvc.com\/wp-content\/uploads\/cam-balkon-pvc-11.jpg\" class=\"attachment-large size-large wp-image-1059\" alt=\"\" srcset=\"https:\/\/atilimcambalkonpvc.com\/wp-content\/uploads\/cam-balkon-pvc-11.jpg 301w, https:\/\/atilimcambalkonpvc.com\/wp-content\/uploads\/cam-balkon-pvc-11-300x300.jpg 300w, https:\/\/atilimcambalkonpvc.com\/wp-content\/uploads\/cam-balkon-pvc-11-150x150.jpg 150w\" sizes=\"(max-width: 301px) 100vw, 301px\" \/>\t\t\t\t\t\t\t\t\t\t\t\t\t\t\t<\/div>\n\t\t\t\t<\/div>\n\t\t\t\t\t<\/div>\n\t\t<\/div>\n\t\t\t\t\t<\/div>\n\t\t<\/section>\n\t\t\t\t\t<\/div>\n\t\t<\/div>\n\t\t\t\t<div class=\"elementor-column elementor-col-50 elementor-top-column elementor-element elementor-element-1f9d1e94\" data-id=\"1f9d1e94\" data-element_type=\"column\">\n\t\t\t<div class=\"elementor-widget-wrap elementor-element-populated\">\n\t\t\t\t\t\t<div class=\"elementor-element elementor-element-675757e elementor-invisible elementor-widget elementor-widget-heading\" data-id=\"675757e\" data-element_type=\"widget\" data-settings=\"{&quot;_animation&quot;:&quot;fadeInUp&quot;}\" data-widget_type=\"heading.default\">\n\t\t\t\t<div class=\"elementor-widget-container\">\n\t\t\t\t\t<h2 class=\"elementor-heading-title elementor-size-default\">At\u0131l\u0131m Yap\u0131 \u041f\u0412\u0425<\/h2>\t\t\t\t<\/div>\n\t\t\t\t<\/div>\n\t\t\t\t<div class=\"elementor-element elementor-element-3205a338 elementor-widget-divider--view-line elementor-widget elementor-widget-divider\" data-id=\"3205a338\" data-element_type=\"widget\" data-widget_type=\"divider.default\">\n\t\t\t\t<div class=\"elementor-widget-container\">\n\t\t\t\t\t\t\t<div class=\"elementor-divider\">\n\t\t\t<span class=\"elementor-divider-separator\">\n\t\t\t\t\t\t<\/span>\n\t\t<\/div>\n\t\t\t\t\t\t<\/div>\n\t\t\t\t<\/div>\n\t\t\t\t<div class=\"elementor-element elementor-element-68cfac5a elementor-widget elementor-widget-text-editor\" data-id=\"68cfac5a\" data-element_type=\"widget\" data-widget_type=\"text-editor.default\">\n\t\t\t\t<div class=\"elementor-widget-container\">\n\t\t\t\t\t\t\t\t\t<p>\u041a\u0430\u043a At\u0131l\u0131m Yap\u0131 PVC, \u043c\u044b \u0443\u0436\u0435 \u043c\u043d\u043e\u0433\u043e \u043b\u0435\u0442 \u0440\u0430\u0431\u043e\u0442\u0430\u0435\u043c \u0432 \u0441\u0435\u043a\u0442\u043e\u0440\u0435 \u0441\u0442\u0435\u043a\u043b\u044f\u043d\u043d\u044b\u0445 \u0431\u0430\u043b\u043a\u043e\u043d\u043e\u0432, \u0434\u0443\u0448\u0435\u0432\u044b\u0445 \u043a\u0430\u0431\u0438\u043d, \u0430\u043b\u044e\u043c\u0438\u043d\u0438\u0435\u0432\u044b\u0445 \u0441\u0442\u043e\u043b\u044f\u0440\u043d\u044b\u0445 \u0438\u0437\u0434\u0435\u043b\u0438\u0439, \u0441\u0442\u043e\u043b\u044f\u0440\u043d\u044b\u0445 \u0438\u0437\u0434\u0435\u043b\u0438\u0439 \u0438\u0437 \u041f\u0412\u0425, Pimapen.<\/p><p>\u041c\u044b \u043a \u0432\u0430\u0448\u0438\u043c \u0443\u0441\u043b\u0443\u0433\u0430\u043c \u0432 \u0446\u0435\u043d\u0442\u0440\u0435 \u0438 \u0440\u0430\u0439\u043e\u043d\u0430\u0445 \u0410\u043d\u0442\u0430\u043b\u0438\u0438.<\/p><p>\u041c\u044b \u0442\u0430\u043a \u0436\u0435 \u0431\u043b\u0438\u0437\u043a\u0438, \u043a\u0430\u043a \u0442\u0435\u043b\u0435\u0444\u043e\u043d\u043d\u044b\u0439 \u0437\u0432\u043e\u043d\u043e\u043a.<\/p><p>\u0421\u0432\u044f\u0436\u0438\u0442\u0435\u0441\u044c \u0441 \u043d\u0430\u043c\u0438, \u0447\u0442\u043e\u0431\u044b \u043f\u043e\u043b\u0443\u0447\u0438\u0442\u044c \u0431\u0435\u0441\u043f\u043b\u0430\u0442\u043d\u043e\u0435 \u043f\u0440\u0435\u0434\u043b\u043e\u0436\u0435\u043d\u0438\u0435!<\/p><p> <\/p>\t\t\t\t\t\t\t\t<\/div>\n\t\t\t\t<\/div>\n\t\t\t\t\t<\/div>\n\t\t<\/div>\n\t\t\t\t\t<\/div>\n\t\t<\/section>\n\t\t\t\t<section class=\"elementor-section elementor-top-section elementor-element elementor-element-ff3a278 elementor-section-boxed elementor-section-height-default elementor-section-height-default\" data-id=\"ff3a278\" data-element_type=\"section\" data-settings=\"{&quot;background_background&quot;:&quot;classic&quot;}\">\n\t\t\t\t\t\t<div class=\"elementor-container elementor-column-gap-default\">\n\t\t\t\t\t<div class=\"elementor-column elementor-col-50 elementor-top-column elementor-element elementor-element-0a596f4\" data-id=\"0a596f4\" data-element_type=\"column\">\n\t\t\t<div class=\"elementor-widget-wrap elementor-element-populated\">\n\t\t\t\t\t\t<div class=\"elementor-element elementor-element-cb64c47 elementor-align-center elementor-widget elementor-widget-button\" data-id=\"cb64c47\" data-element_type=\"widget\" data-widget_type=\"button.default\">\n\t\t\t\t<div class=\"elementor-widget-container\">\n\t\t\t\t\t\t\t\t\t<div class=\"elementor-button-wrapper\">\n\t\t\t\t\t<a class=\"elementor-button elementor-button-link elementor-size-lg\" href=\"tel:05397917975\">\n\t\t\t\t\t\t<span class=\"elementor-button-content-wrapper\">\n\t\t\t\t\t\t\t\t\t<span class=\"elementor-button-text\">\u0411\u042b\u0421\u0422\u0420\u042b\u0419 \u0417\u0412\u041e\u041d\u041e\u041a<\/span>\n\t\t\t\t\t<\/span>\n\t\t\t\t\t<\/a>\n\t\t\t\t<\/div>\n\t\t\t\t\t\t\t\t<\/div>\n\t\t\t\t<\/div>\n\t\t\t\t\t<\/div>\n\t\t<\/div>\n\t\t\t\t<div class=\"elementor-column elementor-col-50 elementor-top-column elementor-element elementor-element-7954b97\" data-id=\"7954b97\" data-element_type=\"column\">\n\t\t\t<div class=\"elementor-widget-wrap elementor-element-populated\">\n\t\t\t\t\t\t<div class=\"elementor-element elementor-element-02ceb56 elementor-align-center elementor-widget elementor-widget-button\" data-id=\"02ceb56\" data-element_type=\"widget\" data-widget_type=\"button.default\">\n\t\t\t\t<div class=\"elementor-widget-container\">\n\t\t\t\t\t\t\t\t\t<div class=\"elementor-button-wrapper\">\n\t\t\t\t\t<a class=\"elementor-button elementor-button-link elementor-size-lg\" href=\"https:\/\/wa.me\/+905397917975\" target=\"_blank\" rel=\"noopener\">\n\t\t\t\t\t\t<span class=\"elementor-button-content-wrapper\">\n\t\t\t\t\t\t\t\t\t<span class=\"elementor-button-text\">\u041f\u041e\u0414\u0414\u0415\u0420\u0416\u041a\u0410 \u0412\u0410\u0422\u0421\u0410\u041f<\/span>\n\t\t\t\t\t<\/span>\n\t\t\t\t\t<\/a>\n\t\t\t\t<\/div>\n\t\t\t\t\t\t\t\t<\/div>\n\t\t\t\t<\/div>\n\t\t\t\t\t<\/div>\n\t\t<\/div>\n\t\t\t\t\t<\/div>\n\t\t<\/section>\n\t\t\t\t<section class=\"elementor-section elementor-top-section elementor-element elementor-element-a0b419e elementor-section-boxed elementor-section-height-default elementor-section-height-default\" data-id=\"a0b419e\" data-element_type=\"section\" data-settings=\"{&quot;background_background&quot;:&quot;classic&quot;}\">\n\t\t\t\t\t\t<div class=\"elementor-container elementor-column-gap-default\">\n\t\t\t\t\t<div class=\"elementor-column elementor-col-100 elementor-top-column elementor-element elementor-element-34e71e27\" data-id=\"34e71e27\" data-element_type=\"column\">\n\t\t\t<div class=\"elementor-widget-wrap elementor-element-populated\">\n\t\t\t\t\t\t<div class=\"elementor-element elementor-element-36db8a8a elementor-invisible elementor-widget elementor-widget-heading\" data-id=\"36db8a8a\" data-element_type=\"widget\" data-settings=\"{&quot;_animation&quot;:&quot;fadeInUp&quot;}\" data-widget_type=\"heading.default\">\n\t\t\t\t<div class=\"elementor-widget-container\">\n\t\t\t\t\t<h2 class=\"elementor-heading-title elementor-size-default\">\u0410\u0442\u044b\u043b\u044b\u043c \u042f\u043f\u044b \u0432 \u0446\u0438\u0444\u0440\u0430\u0445<\/h2>\t\t\t\t<\/div>\n\t\t\t\t<\/div>\n\t\t\t\t<div class=\"elementor-element elementor-element-64bff875 elementor-widget-divider--view-line elementor-widget elementor-widget-divider\" data-id=\"64bff875\" data-element_type=\"widget\" data-widget_type=\"divider.default\">\n\t\t\t\t<div class=\"elementor-widget-container\">\n\t\t\t\t\t\t\t<div class=\"elementor-divider\">\n\t\t\t<span class=\"elementor-divider-separator\">\n\t\t\t\t\t\t<\/span>\n\t\t<\/div>\n\t\t\t\t\t\t<\/div>\n\t\t\t\t<\/div>\n\t\t\t\t<section class=\"elementor-section elementor-inner-section elementor-element elementor-element-322d60d3 elementor-section-boxed elementor-section-height-default elementor-section-height-default\" data-id=\"322d60d3\" data-element_type=\"section\">\n\t\t\t\t\t\t<div class=\"elementor-container elementor-column-gap-default\">\n\t\t\t\t\t<div class=\"elementor-column elementor-col-33 elementor-inner-column elementor-element elementor-element-568ed8e9\" data-id=\"568ed8e9\" data-element_type=\"column\">\n\t\t\t<div class=\"elementor-widget-wrap elementor-element-populated\">\n\t\t\t\t\t\t<div class=\"elementor-element elementor-element-7d9b3754 elementor-widget elementor-widget-counter\" data-id=\"7d9b3754\" data-element_type=\"widget\" data-widget_type=\"counter.default\">\n\t\t\t\t<div class=\"elementor-widget-container\">\n\t\t\t\t\t\t\t<div class=\"elementor-counter\">\n\t\t\t<div class=\"elementor-counter-title\">\u0414\u0440\u0443\u0433\u043e\u0439 \u0441\u0435\u0440\u0432\u0438\u0441<\/div>\t\t\t<div class=\"elementor-counter-number-wrapper\">\n\t\t\t\t<span class=\"elementor-counter-number-prefix\"><\/span>\n\t\t\t\t<span class=\"elementor-counter-number\" data-duration=\"2000\" data-to-value=\"10\" data-from-value=\"0\" data-delimiter=\",\">0<\/span>\n\t\t\t\t<span class=\"elementor-counter-number-suffix\"><\/span>\n\t\t\t<\/div>\n\t\t<\/div>\n\t\t\t\t\t\t<\/div>\n\t\t\t\t<\/div>\n\t\t\t\t\t<\/div>\n\t\t<\/div>\n\t\t\t\t<div class=\"elementor-column elementor-col-33 elementor-inner-column elementor-element elementor-element-79b39db8\" data-id=\"79b39db8\" data-element_type=\"column\">\n\t\t\t<div class=\"elementor-widget-wrap elementor-element-populated\">\n\t\t\t\t\t\t<div class=\"elementor-element elementor-element-2096426d elementor-widget elementor-widget-counter\" data-id=\"2096426d\" data-element_type=\"widget\" data-widget_type=\"counter.default\">\n\t\t\t\t<div class=\"elementor-widget-container\">\n\t\t\t\t\t\t\t<div class=\"elementor-counter\">\n\t\t\t<div class=\"elementor-counter-title\">\u0421\u0447\u0430\u0441\u0442\u043b\u0438\u0432\u044b\u0439 \u043a\u043b\u0438\u0435\u043d\u0442<\/div>\t\t\t<div class=\"elementor-counter-number-wrapper\">\n\t\t\t\t<span class=\"elementor-counter-number-prefix\"><\/span>\n\t\t\t\t<span class=\"elementor-counter-number\" data-duration=\"2000\" data-to-value=\"300\" data-from-value=\"0\" data-delimiter=\",\">0<\/span>\n\t\t\t\t<span class=\"elementor-counter-number-suffix\">+<\/span>\n\t\t\t<\/div>\n\t\t<\/div>\n\t\t\t\t\t\t<\/div>\n\t\t\t\t<\/div>\n\t\t\t\t\t<\/div>\n\t\t<\/div>\n\t\t\t\t<div class=\"elementor-column elementor-col-33 elementor-inner-column elementor-element elementor-element-69789e41\" data-id=\"69789e41\" data-element_type=\"column\">\n\t\t\t<div class=\"elementor-widget-wrap elementor-element-populated\">\n\t\t\t\t\t\t<div class=\"elementor-element elementor-element-405b0c98 elementor-widget elementor-widget-counter\" data-id=\"405b0c98\" data-element_type=\"widget\" data-widget_type=\"counter.default\">\n\t\t\t\t<div class=\"elementor-widget-container\">\n\t\t\t\t\t\t\t<div class=\"elementor-counter\">\n\t\t\t<div class=\"elementor-counter-title\">\u0421\u043b\u0443\u0436\u0431\u0430 \u043d\u0430 \u0440\u0430\u0441\u0441\u0442\u043e\u044f\u043d\u0438\u0438<\/div>\t\t\t<div class=\"elementor-counter-number-wrapper\">\n\t\t\t\t<span class=\"elementor-counter-number-prefix\"><\/span>\n\t\t\t\t<span class=\"elementor-counter-number\" data-duration=\"2000\" data-to-value=\"300\" data-from-value=\"0\" data-delimiter=\",\">0<\/span>\n\t\t\t\t<span class=\"elementor-counter-number-suffix\">KM<\/span>\n\t\t\t<\/div>\n\t\t<\/div>\n\t\t\t\t\t\t<\/div>\n\t\t\t\t<\/div>\n\t\t\t\t\t<\/div>\n\t\t<\/div>\n\t\t\t\t\t<\/div>\n\t\t<\/section>\n\t\t\t\t\t<\/div>\n\t\t<\/div>\n\t\t\t\t\t<\/div>\n\t\t<\/section>\n\t\t\t\t<section class=\"elementor-section elementor-top-section elementor-element elementor-element-4f645232 elementor-section-boxed elementor-section-height-default elementor-section-height-default\" data-id=\"4f645232\" data-element_type=\"section\" data-settings=\"{&quot;background_background&quot;:&quot;classic&quot;}\">\n\t\t\t\t\t\t\t<div class=\"elementor-background-overlay\"><\/div>\n\t\t\t\t\t\t\t<div class=\"elementor-container elementor-column-gap-default\">\n\t\t\t\t\t<div class=\"elementor-column elementor-col-100 elementor-top-column elementor-element elementor-element-43fb6210\" data-id=\"43fb6210\" data-element_type=\"column\">\n\t\t\t<div class=\"elementor-widget-wrap elementor-element-populated\">\n\t\t\t\t\t\t<div class=\"elementor-element elementor-element-6f737334 elementor-widget elementor-widget-heading\" data-id=\"6f737334\" data-element_type=\"widget\" data-widget_type=\"heading.default\">\n\t\t\t\t<div class=\"elementor-widget-container\">\n\t\t\t\t\t<h5 class=\"elementor-heading-title elementor-size-default\">\u041c\u044b \u043f\u0440\u0435\u0434\u043e\u0441\u0442\u0430\u0432\u043b\u044f\u0435\u043c \u043d\u0430\u0434\u0435\u0436\u043d\u044b\u0439 \u0441\u0435\u0440\u0432\u0438\u0441 \u0434\u043b\u044f \u0432\u0430\u0441<\/h5>\t\t\t\t<\/div>\n\t\t\t\t<\/div>\n\t\t\t\t<div class=\"elementor-element elementor-element-454e6804 elementor-invisible elementor-widget elementor-widget-heading\" data-id=\"454e6804\" data-element_type=\"widget\" data-settings=\"{&quot;_animation&quot;:&quot;fadeInUp&quot;}\" data-widget_type=\"heading.default\">\n\t\t\t\t<div class=\"elementor-widget-container\">\n\t\t\t\t\t<h4 class=\"elementor-heading-title elementor-size-default\">\u041f\u043e\u043b\u0443\u0447\u0438\u0442\u044c \u043f\u0440\u0435\u0434\u043b\u043e\u0436\u0435\u043d\u0438\u0435 \u0441\u0435\u0439\u0447\u0430\u0441<\/h4>\t\t\t\t<\/div>\n\t\t\t\t<\/div>\n\t\t\t\t<div class=\"elementor-element elementor-element-5ffa76e4 elementor-align-center elementor-widget elementor-widget-button\" data-id=\"5ffa76e4\" data-element_type=\"widget\" data-widget_type=\"button.default\">\n\t\t\t\t<div class=\"elementor-widget-container\">\n\t\t\t\t\t\t\t\t\t<div class=\"elementor-button-wrapper\">\n\t\t\t\t\t<a class=\"elementor-button elementor-button-link elementor-size-sm\" href=\"https:\/\/atilimcambalkonpvc.com\/iletisim\/\">\n\t\t\t\t\t\t<span class=\"elementor-button-content-wrapper\">\n\t\t\t\t\t\t<span class=\"elementor-button-icon\">\n\t\t\t\t<i aria-hidden=\"true\" class=\"fas fa-caret-right\"><\/i>\t\t\t<\/span>\n\t\t\t\t\t\t\t\t\t<span class=\"elementor-button-text\">\u0421\u0432\u044f\u0436\u0438\u0442\u0435\u0441\u044c \u0441 \u043d\u0430\u043c\u0438<\/span>\n\t\t\t\t\t<\/span>\n\t\t\t\t\t<\/a>\n\t\t\t\t<\/div>\n\t\t\t\t\t\t\t\t<\/div>\n\t\t\t\t<\/div>\n\t\t\t\t\t<\/div>\n\t\t<\/div>\n\t\t\t\t\t<\/div>\n\t\t<\/section>\n\t\t\t\t<\/div>\n\t\t","protected":false},"excerpt":{"rendered":"<p>\u043e \u043d\u0430\u0441 At\u0131l\u0131m Yap\u0131 \u041f\u0412\u0425 \u041a\u0430\u043a At\u0131l\u0131m Yap\u0131 PVC, \u043c\u044b \u0443\u0436\u0435 \u043c\u043d\u043e\u0433\u043e \u043b\u0435\u0442 \u0440\u0430\u0431\u043e\u0442\u0430\u0435\u043c \u0432 \u0441\u0435\u043a\u0442\u043e\u0440\u0435 \u0441\u0442\u0435\u043a\u043b\u044f\u043d\u043d\u044b\u0445 \u0431\u0430\u043b\u043a\u043e\u043d\u043e\u0432, \u0434\u0443\u0448\u0435\u0432\u044b\u0445 \u043a\u0430\u0431\u0438\u043d, \u0430\u043b\u044e\u043c\u0438\u043d\u0438\u0435\u0432\u044b\u0445 \u0441\u0442\u043e\u043b\u044f\u0440\u043d\u044b\u0445 \u0438\u0437\u0434\u0435\u043b\u0438\u0439, \u0441\u0442\u043e\u043b\u044f\u0440\u043d\u044b\u0445 \u0438\u0437\u0434\u0435\u043b\u0438\u0439 \u0438\u0437 \u041f\u0412\u0425, Pimapen. \u041c\u044b \u043a \u0432\u0430\u0448\u0438\u043c \u0443\u0441\u043b\u0443\u0433\u0430\u043c \u0432 \u0446\u0435\u043d\u0442\u0440\u0435 \u0438 \u0440\u0430\u0439\u043e\u043d\u0430\u0445 \u0410\u043d\u0442\u0430\u043b\u0438\u0438. \u041c\u044b \u0442\u0430\u043a \u0436\u0435 \u0431\u043b\u0438\u0437\u043a\u0438, \u043a\u0430\u043a \u0442\u0435\u043b\u0435\u0444\u043e\u043d\u043d\u044b\u0439 \u0437\u0432\u043e\u043d\u043e\u043a. \u0421\u0432\u044f\u0436\u0438\u0442\u0435\u0441\u044c \u0441 \u043d\u0430\u043c\u0438, \u0447\u0442\u043e\u0431\u044b \u043f\u043e\u043b\u0443\u0447\u0438\u0442\u044c \u0431\u0435\u0441\u043f\u043b\u0430\u0442\u043d\u043e\u0435 \u043f\u0440\u0435\u0434\u043b\u043e\u0436\u0435\u043d\u0438\u0435! \u0411\u042b\u0421\u0422\u0420\u042b\u0419 \u0417\u0412\u041e\u041d\u041e\u041a \u041f\u041e\u0414\u0414\u0415\u0420\u0416\u041a\u0410 \u0412\u0410\u0422\u0421\u0410\u041f [&hellip;]<\/p>\n","protected":false},"author":1,"featured_media":0,"parent":0,"menu_order":0,"comment_status":"closed","ping_status":"closed","template":"","meta":{"footnotes":""},"class_list":["post-1481","page","type-page","status-publish","hentry"],"_links":{"self":[{"href":"https:\/\/atilimcambalkonpvc.com\/ru\/wp-json\/wp\/v2\/pages\/1481","targetHints":{"allow":["GET"]}}],"collection":[{"href":"https:\/\/atilimcambalkonpvc.com\/ru\/wp-json\/wp\/v2\/pages"}],"about":[{"href":"https:\/\/atilimcambalkonpvc.com\/ru\/wp-json\/wp\/v2\/types\/page"}],"author":[{"embeddable":true,"href":"https:\/\/atilimcambalkonpvc.com\/ru\/wp-json\/wp\/v2\/users\/1"}],"replies":[{"embeddable":true,"href":"https:\/\/atilimcambalkonpvc.com\/ru\/wp-json\/wp\/v2\/comments?post=1481"}],"version-history":[{"count":1,"href":"https:\/\/atilimcambalkonpvc.com\/ru\/wp-json\/wp\/v2\/pages\/1481\/revisions"}],"predecessor-version":[{"id":1482,"href":"https:\/\/atilimcambalkonpvc.com\/ru\/wp-json\/wp\/v2\/pages\/1481\/revisions\/1482"}],"wp:attachment":[{"href":"https:\/\/atilimcambalkonpvc.com\/ru\/wp-json\/wp\/v2\/media?parent=1481"}],"curies":[{"name":"wp","href":"https:\/\/api.w.org\/{rel}","templated":true}]}}